{"id":816,"date":"2023-10-09T11:41:54","date_gmt":"2023-10-09T09:41:54","guid":{"rendered":"https:\/\/piccola-jofrette.ch\/home\/"},"modified":"2024-04-15T09:37:13","modified_gmt":"2024-04-15T07:37:13","slug":"home","status":"publish","type":"page","link":"https:\/\/piccola-jofrette.ch\/fr\/","title":{"rendered":"Accueil"},"content":{"rendered":"<section class=\"l-section wpb_row hide_on_mobiles height_medium full_height valign_bottom color_alternate with_video\"><div id=\"us_bg_video_l9fa\" class=\"l-section-video\"><script id=\"us_bg_video_l9fa-script\">!function(w){var node = document.getElementById( 'us_bg_video_l9fa' );if ( w.innerWidth <= 1 ) { node.remove() }}(window);<\/script><style>@media(max-width:1px){#us_bg_video_l9fa{display:none!important}}<\/style><video  autoplay loop muted playsinline preload=\"auto\"><source type=\"video\/mp4\" src=\"https:\/\/piccola-jofrette.ch\/wp-content\/uploads\/2024\/04\/pj-home-header.mp4\" \/><\/video><\/div><div class=\"l-section-h i-cf\"><div class=\"g-cols vc_row via_flex valign_top type_default stacking_default\"><div class=\"vc_col-sm-6 wpb_column vc_column_container\"><div class=\"vc_column-inner\"><div class=\"wpb_wrapper\"><div class=\"wpb_text_column\"><div class=\"wpb_wrapper\"><h2>Retour aux sources,<br \/>\nretour vers le futur.<\/h2>\n<p>Il y a plus de 100 ans, les ma\u00eetres horlogers de Piccola &amp; Jofrette \u00e0 Bienne ont commenc\u00e9 \u00e0 fabriquer des montres m\u00e9caniques suisses exclusives.<\/p>\n<p>D\u00e9j\u00e0 \u00e0 l&rsquo;\u00e9poque, ils construisaient leurs montres avec les sp\u00e9cialistes les plus talentueux de la r\u00e9gion et des composants provenant exclusivement de Suisse.<\/p>\n<p>Et \u00e7a ne changera jamais.<\/p>\n<\/div><\/div><\/div><\/div><\/div><div class=\"vc_col-sm-6 wpb_column vc_column_container\"><div class=\"vc_column-inner\"><div class=\"wpb_wrapper\"><\/div><\/div><\/div><\/div><\/div><\/section><section class=\"l-section wpb_row us_custom_5e16e941 hide_on_default hide_on_laptops hide_on_tablets height_auto width_full color_alternate\"><div class=\"l-section-h i-cf\"><div class=\"g-cols vc_row via_flex valign_top type_default stacking_default\"><div class=\"vc_col-sm-12 wpb_column vc_column_container\"><div class=\"vc_column-inner\"><div class=\"wpb_wrapper\"><div class=\"w-video align_none ratio_16x9\"><div class=\"w-video-h\"><video  preload=\"metadata\" playsinline autoplay loop muted><source type=\"video\/mp4\" src=\"https:\/\/piccola-jofrette.ch\/wp-content\/uploads\/2024\/04\/pj-home-header.mp4\" \/><\/video><\/div><div class=\"w-video-icon\" style=\"font-size:1.5rem;background:rgba(0,0,0,0.5);color:#fff\"><\/div><\/div><div class=\"wpb_text_column us_custom_793eca89\"><div class=\"wpb_wrapper\"><h2>Retour aux sources,<br \/>\nretour vers le futur.<\/h2>\n<p>Il y a plus de 100 ans, les ma\u00eetres horlogers de Piccola &amp; Jofrette \u00e0 Bienne ont commenc\u00e9 \u00e0 fabriquer des montres m\u00e9caniques suisses exclusives.<\/p>\n<p>D\u00e9j\u00e0 \u00e0 l&rsquo;\u00e9poque, ils construisaient leurs montres avec les sp\u00e9cialistes les plus talentueux de la r\u00e9gion et des composants provenant exclusivement de Suisse.<\/p>\n<p>Et \u00e7a ne changera jamais.<\/p>\n<\/div><\/div><\/div><\/div><\/div><\/div><\/div><\/section><section class=\"l-section wpb_row height_medium\"><div class=\"l-section-h i-cf\"><div class=\"g-cols vc_row via_flex valign_top type_default stacking_default\"><div class=\"vc_col-sm-3 wpb_column vc_column_container\"><div class=\"vc_column-inner\"><div class=\"wpb_wrapper\"><\/div><\/div><\/div><div class=\"vc_col-sm-6 wpb_column vc_column_container\"><div class=\"vc_column-inner\"><div class=\"wpb_wrapper\"><div class=\"w-image us_custom_7605acb8 align_none\"><div class=\"w-image-h\"><img decoding=\"async\" src=\"https:\/\/piccola-jofrette.ch\/wp-content\/uploads\/2023\/10\/logo-piccolajofrette-swissmade-ashblue.svg\" class=\"attachment-full size-full\" alt=\"\" loading=\"lazy\" \/><\/div><\/div><div class=\"w-separator size_small with_line width_30 thick_1 style_solid color_border align_center\"><div class=\"w-separator-h\"><\/div><\/div><div class=\"wpb_text_column us_custom_432d3f53\"><div class=\"wpb_wrapper\"><p>Piccola &amp; Jofrette est une entreprise horlog\u00e8re suisse traditionnelle de Bienne qui fabrique des montres suisses fines, authentiques et abordables en petites s\u00e9ries, dont les composants horlogers sont d\u00e9velopp\u00e9s et produits exclusivement en collaboration avec des partenaires suisses et sont propos\u00e9s sur le march\u00e9 \u00e0 un prix \u00e9quitable.<\/p>\n<\/div><\/div><\/div><\/div><\/div><div class=\"vc_col-sm-3 wpb_column vc_column_container\"><div class=\"vc_column-inner\"><div class=\"wpb_wrapper\"><\/div><\/div><\/div><\/div><\/div><\/section><section class=\"l-section wpb_row height_medium width_full\"><div class=\"l-section-h i-cf\"><div class=\"g-cols vc_row via_flex valign_top type_boxes stacking_default\"><div class=\"vc_col-sm-12 wpb_column vc_column_container\"><div class=\"vc_column-inner\"><div class=\"wpb_wrapper\"><div class=\"g-cols wpb_row via_flex valign_top type_default stacking_default\"><div class=\"vc_col-sm-3 wpb_column vc_column_container\"><div class=\"vc_column-inner\"><div class=\"wpb_wrapper\"><\/div><\/div><\/div><div class=\"vc_col-sm-6 wpb_column vc_column_container\"><div class=\"vc_column-inner\"><div class=\"wpb_wrapper\"><div class=\"wpb_text_column us_custom_eb849559\"><div class=\"wpb_wrapper\"><h2>Collection<\/h2>\n<\/div><\/div><div class=\"w-separator size_small with_line width_30 thick_1 style_solid color_border align_center\"><div class=\"w-separator-h\"><\/div><\/div><\/div><\/div><\/div><div class=\"vc_col-sm-3 wpb_column vc_column_container\"><div class=\"vc_column-inner\"><div class=\"wpb_wrapper\"><\/div><\/div><\/div><\/div><div class=\"w-grid type_grid layout_128 cols_4\" id=\"us_grid_1\" style=\"--columns:4;--gap:1rem;\" data-filterable=\"true\"><style>@media (max-width:1380px){#us_grid_1{--columns:3!important}}@media (max-width:1024px){#us_grid_1{--columns:2!important}}@media (max-width:768px){#us_grid_1{--columns:1!important}}.layout_128 .w-grid-item-h{background:linear-gradient(0deg,rgba(122,149,152,0.30),transparent)}.layout_128 .usg_post_image_1{transition-duration:0.3s;transform-origin:50% 50%;transform:scale(1) translate(0%,0%)}.layout_128 .w-grid-item-h:hover .usg_post_image_1{transform:scale(1) translate(0%,-5%);opacity:1}.layout_128 .usg_post_title_1{font-size:1rem!important;font-family:var(--font-family)!important;padding:1.5rem!important}<\/style><div class=\"w-grid-list\">\t<article class=\"w-grid-item size_1x1 post-837 product type-product status-publish has-post-thumbnail product_cat-montres first instock taxable shipping-taxable purchasable product-type-variable has-default-attributes\" data-id=\"837\">\r\n\t\t<div class=\"w-grid-item-h\">\r\n\t\t\t\t\t\t\t<a href=\"https:\/\/piccola-jofrette.ch\/fr\/collection\/pj1-blue\/\" class=\"w-grid-item-anchor\" aria-label=\"PJ1 Blue\"><\/a>\r\n\t\t\t\t\t\t<div class=\"w-post-elm post_image usg_post_image_1 stretched\"><img loading=\"lazy\" decoding=\"async\" width=\"1200\" height=\"1347\" src=\"https:\/\/piccola-jofrette.ch\/wp-content\/uploads\/2023\/10\/PiccolaJoffrette-Blau-hirschbraun.png\" class=\"attachment-full size-full wp-post-image\" alt=\"\" srcset=\"https:\/\/piccola-jofrette.ch\/wp-content\/uploads\/2023\/10\/PiccolaJoffrette-Blau-hirschbraun.png 1200w, https:\/\/piccola-jofrette.ch\/wp-content\/uploads\/2023\/10\/PiccolaJoffrette-Blau-hirschbraun-267x300.png 267w, https:\/\/piccola-jofrette.ch\/wp-content\/uploads\/2023\/10\/PiccolaJoffrette-Blau-hirschbraun-912x1024.png 912w, https:\/\/piccola-jofrette.ch\/wp-content\/uploads\/2023\/10\/PiccolaJoffrette-Blau-hirschbraun-600x674.png 600w\" sizes=\"auto, (max-width: 1200px) 100vw, 1200px\" \/><\/div><h2 class=\"w-post-elm post_title usg_post_title_1 align_center woocommerce-loop-product__title color_link_inherit\">PJ1 Blue<\/h2>\t\t<\/div>\r\n\t\t\t<\/article>\r\n\t<article class=\"w-grid-item size_1x1 post-846 product type-product status-publish has-post-thumbnail product_cat-montres  instock taxable shipping-taxable purchasable product-type-variable has-default-attributes\" data-id=\"846\">\r\n\t\t<div class=\"w-grid-item-h\">\r\n\t\t\t\t\t\t\t<a href=\"https:\/\/piccola-jofrette.ch\/fr\/collection\/pj1-anthracite\/\" class=\"w-grid-item-anchor\" aria-label=\"PJ1 Anthracite\"><\/a>\r\n\t\t\t\t\t\t<div class=\"w-post-elm post_image usg_post_image_1 stretched\"><img loading=\"lazy\" decoding=\"async\" width=\"1200\" height=\"1347\" src=\"https:\/\/piccola-jofrette.ch\/wp-content\/uploads\/2023\/10\/PiccolaJoffrette-Anthrazit-hirschschwarz.png\" class=\"attachment-full size-full wp-post-image\" alt=\"\" srcset=\"https:\/\/piccola-jofrette.ch\/wp-content\/uploads\/2023\/10\/PiccolaJoffrette-Anthrazit-hirschschwarz.png 1200w, https:\/\/piccola-jofrette.ch\/wp-content\/uploads\/2023\/10\/PiccolaJoffrette-Anthrazit-hirschschwarz-267x300.png 267w, https:\/\/piccola-jofrette.ch\/wp-content\/uploads\/2023\/10\/PiccolaJoffrette-Anthrazit-hirschschwarz-912x1024.png 912w, https:\/\/piccola-jofrette.ch\/wp-content\/uploads\/2023\/10\/PiccolaJoffrette-Anthrazit-hirschschwarz-600x674.png 600w\" sizes=\"auto, (max-width: 1200px) 100vw, 1200px\" \/><\/div><h2 class=\"w-post-elm post_title usg_post_title_1 align_center woocommerce-loop-product__title color_link_inherit\">PJ1 Anthracite<\/h2>\t\t<\/div>\r\n\t\t\t<\/article>\r\n\t<article class=\"w-grid-item size_1x1 post-853 product type-product status-publish has-post-thumbnail product_cat-montres last instock taxable shipping-taxable purchasable product-type-variable has-default-attributes\" data-id=\"853\">\r\n\t\t<div class=\"w-grid-item-h\">\r\n\t\t\t\t\t\t\t<a href=\"https:\/\/piccola-jofrette.ch\/fr\/collection\/pj1-silver\/\" class=\"w-grid-item-anchor\" aria-label=\"PJ1 Silver\"><\/a>\r\n\t\t\t\t\t\t<div class=\"w-post-elm post_image usg_post_image_1 stretched\"><img loading=\"lazy\" decoding=\"async\" width=\"1200\" height=\"1347\" src=\"https:\/\/piccola-jofrette.ch\/wp-content\/uploads\/2023\/10\/PiccolaJoffrette-Silber-stoer.png\" class=\"attachment-full size-full wp-post-image\" alt=\"\" srcset=\"https:\/\/piccola-jofrette.ch\/wp-content\/uploads\/2023\/10\/PiccolaJoffrette-Silber-stoer.png 1200w, https:\/\/piccola-jofrette.ch\/wp-content\/uploads\/2023\/10\/PiccolaJoffrette-Silber-stoer-267x300.png 267w, https:\/\/piccola-jofrette.ch\/wp-content\/uploads\/2023\/10\/PiccolaJoffrette-Silber-stoer-912x1024.png 912w, https:\/\/piccola-jofrette.ch\/wp-content\/uploads\/2023\/10\/PiccolaJoffrette-Silber-stoer-600x674.png 600w\" sizes=\"auto, (max-width: 1200px) 100vw, 1200px\" \/><\/div><h2 class=\"w-post-elm post_title usg_post_title_1 align_center woocommerce-loop-product__title color_link_inherit\">PJ1 Silver<\/h2>\t\t<\/div>\r\n\t\t\t<\/article>\r\n\t<article class=\"w-grid-item size_1x1 post-857 product type-product status-publish has-post-thumbnail product_cat-montres first instock taxable shipping-taxable purchasable product-type-variable has-default-attributes\" data-id=\"857\">\r\n\t\t<div class=\"w-grid-item-h\">\r\n\t\t\t\t\t\t\t<a href=\"https:\/\/piccola-jofrette.ch\/fr\/collection\/pj1-eggshell\/\" class=\"w-grid-item-anchor\" aria-label=\"PJ1 Eggshell\"><\/a>\r\n\t\t\t\t\t\t<div class=\"w-post-elm post_image usg_post_image_1 stretched\"><img loading=\"lazy\" decoding=\"async\" width=\"1200\" height=\"1347\" src=\"https:\/\/piccola-jofrette.ch\/wp-content\/uploads\/2023\/10\/PiccolaJoffrette-Eggshell-stoer.png\" class=\"attachment-full size-full wp-post-image\" alt=\"\" srcset=\"https:\/\/piccola-jofrette.ch\/wp-content\/uploads\/2023\/10\/PiccolaJoffrette-Eggshell-stoer.png 1200w, https:\/\/piccola-jofrette.ch\/wp-content\/uploads\/2023\/10\/PiccolaJoffrette-Eggshell-stoer-267x300.png 267w, https:\/\/piccola-jofrette.ch\/wp-content\/uploads\/2023\/10\/PiccolaJoffrette-Eggshell-stoer-912x1024.png 912w, https:\/\/piccola-jofrette.ch\/wp-content\/uploads\/2023\/10\/PiccolaJoffrette-Eggshell-stoer-600x674.png 600w\" sizes=\"auto, (max-width: 1200px) 100vw, 1200px\" \/><\/div><h2 class=\"w-post-elm post_title usg_post_title_1 align_center woocommerce-loop-product__title color_link_inherit\">PJ1 Eggshell<\/h2>\t\t<\/div>\r\n\t\t\t<\/article>\r\n<\/div><div class=\"w-grid-preloader\">\t<div class=\"g-preloader type_1\">\r\n\t\t<div><\/div>\r\n\t<\/div>\r\n\t<\/div>\t<div class=\"w-grid-json hidden\" onclick='return {&quot;action&quot;:&quot;us_ajax_grid&quot;,&quot;infinite_scroll&quot;:0,&quot;max_num_pages&quot;:1,&quot;pagination&quot;:&quot;none&quot;,&quot;template_vars&quot;:{&quot;columns&quot;:&quot;4&quot;,&quot;exclude_items&quot;:&quot;none&quot;,&quot;img_size&quot;:&quot;default&quot;,&quot;ignore_items_size&quot;:0,&quot;items_layout&quot;:&quot;128&quot;,&quot;items_offset&quot;:&quot;1&quot;,&quot;load_animation&quot;:&quot;none&quot;,&quot;overriding_link&quot;:&quot;%7B%22type%22%3A%22post%22%7D&quot;,&quot;post_id&quot;:0,&quot;query_args&quot;:{&quot;post_type&quot;:[&quot;product&quot;],&quot;tax_query&quot;:[{&quot;taxonomy&quot;:&quot;product_cat&quot;,&quot;field&quot;:&quot;slug&quot;,&quot;terms&quot;:[&quot;montres&quot;]},{&quot;taxonomy&quot;:&quot;product_visibility&quot;,&quot;field&quot;:&quot;slug&quot;,&quot;terms&quot;:[&quot;exclude-from-catalog&quot;],&quot;operator&quot;:&quot;NOT IN&quot;}],&quot;post_status&quot;:[&quot;publish&quot;],&quot;meta_query&quot;:[],&quot;posts_per_page&quot;:999},&quot;orderby_query_args&quot;:{&quot;orderby&quot;:{&quot;menu_order&quot;:&quot;ASC&quot;},&quot;order&quot;:&quot;ASC&quot;},&quot;type&quot;:&quot;grid&quot;,&quot;us_grid_post_type&quot;:&quot;product&quot;,&quot;us_grid_ajax_index&quot;:1,&quot;us_grid_filter_query_string&quot;:null,&quot;us_grid_index&quot;:1,&quot;page_args&quot;:[],&quot;lang&quot;:&quot;fr&quot;}}'><\/div>\r\n\t<\/div><div class=\"w-separator size_medium\"><\/div><div class=\"w-btn-wrapper align_center\"><a class=\"w-btn us-btn-style_1\" href=\"https:\/\/piccola-jofrette.ch\/kollektion\/\"><span class=\"w-btn-label\">Vers la collection<\/span><\/a><\/div><\/div><\/div><\/div><\/div><\/div><\/section><section class=\"l-section wpb_row height_medium\"><div class=\"l-section-h i-cf\"><div class=\"g-cols vc_row via_flex valign_middle type_default stacking_default\"><div class=\"vc_col-sm-6 wpb_column vc_column_container\"><div class=\"vc_column-inner\"><div class=\"wpb_wrapper\"><div class=\"w-image align_none\"><div class=\"w-image-h\"><img decoding=\"async\" width=\"1920\" height=\"1281\" src=\"https:\/\/piccola-jofrette.ch\/wp-content\/uploads\/2023\/10\/pj-history.jpg\" class=\"attachment-full size-full\" alt=\"\" loading=\"lazy\" srcset=\"https:\/\/piccola-jofrette.ch\/wp-content\/uploads\/2023\/10\/pj-history.jpg 1920w, https:\/\/piccola-jofrette.ch\/wp-content\/uploads\/2023\/10\/pj-history-300x200.jpg 300w, https:\/\/piccola-jofrette.ch\/wp-content\/uploads\/2023\/10\/pj-history-1024x683.jpg 1024w, https:\/\/piccola-jofrette.ch\/wp-content\/uploads\/2023\/10\/pj-history-600x400.jpg 600w\" sizes=\"auto, (max-width: 1920px) 100vw, 1920px\" \/><\/div><\/div><\/div><\/div><\/div><div class=\"vc_col-sm-6 wpb_column vc_column_container\"><div class=\"vc_column-inner\"><div class=\"wpb_wrapper\"><div class=\"w-vwrapper us_custom_8fe2673b align_none valign_top\"><div class=\"wpb_text_column us_custom_432d3f53\"><div class=\"wpb_wrapper\"><h2>L&rsquo;histoire<\/h2>\n<p>Le 20 mai 1914, juste \u00e0 temps pour le d\u00e9but de la Premi\u00e8re Guerre mondiale, Charles Perret, Georges Flury et Fernand Engel fondent une fabrique de montres bas\u00e9e \u00e0 Champagne 1a (aujourd&rsquo;hui Fr\u00e9d\u00e9ric-Ingold 5) \u00e0 Bienne.<\/p>\n<\/div><\/div><div class=\"w-btn-wrapper align_none\"><a class=\"w-btn us-btn-style_1\" href=\"https:\/\/piccola-jofrette.ch\/ueber-uns\/#geschichte\"><span class=\"w-btn-label\">L&rsquo;histoire<\/span><\/a><\/div><\/div><\/div><\/div><\/div><\/div><\/div><\/section><section class=\"l-section wpb_row height_medium\"><div class=\"l-section-h i-cf\"><div class=\"g-cols vc_row via_flex valign_middle type_default reversed stacking_default\"><div class=\"vc_col-sm-6 wpb_column vc_column_container\"><div class=\"vc_column-inner\"><div class=\"wpb_wrapper\"><div class=\"w-vwrapper us_custom_8f540579 align_none valign_top\"><div class=\"wpb_text_column us_custom_432d3f53\"><div class=\"wpb_wrapper\"><h2 style=\"text-align: right;\">Notre philosophie<\/h2>\n<p>Notre objectif inconditionnel est de construire des montres pour femmes et hommes abordables et d&rsquo;une \u00e9l\u00e9gance classique qui sont non seulement d\u00e9velopp\u00e9es et fabriqu\u00e9es en Suisse, mais qui sont \u00e9galement compos\u00e9es exclusivement de composants horlogers cr\u00e9\u00e9s et produits en Suisse par nos partenaires r\u00e9gionaux suisses.<\/p>\n<\/div><\/div><div class=\"w-btn-wrapper align_right\"><a class=\"w-btn us-btn-style_1\" href=\"https:\/\/piccola-jofrette.ch\/ueber-uns\/#philosophie\"><span class=\"w-btn-label\">Notre philosophie<\/span><\/a><\/div><\/div><\/div><\/div><\/div><div class=\"vc_col-sm-6 wpb_column vc_column_container\"><div class=\"vc_column-inner\"><div class=\"wpb_wrapper\"><div class=\"w-image align_none\"><div class=\"w-image-h\"><img decoding=\"async\" width=\"1920\" height=\"1280\" src=\"https:\/\/piccola-jofrette.ch\/wp-content\/uploads\/2023\/11\/pj-uhrmacher.jpg\" class=\"attachment-full size-full\" alt=\"\" loading=\"lazy\" srcset=\"https:\/\/piccola-jofrette.ch\/wp-content\/uploads\/2023\/11\/pj-uhrmacher.jpg 1920w, https:\/\/piccola-jofrette.ch\/wp-content\/uploads\/2023\/11\/pj-uhrmacher-300x200.jpg 300w, https:\/\/piccola-jofrette.ch\/wp-content\/uploads\/2023\/11\/pj-uhrmacher-1024x683.jpg 1024w, https:\/\/piccola-jofrette.ch\/wp-content\/uploads\/2023\/11\/pj-uhrmacher-600x400.jpg 600w\" sizes=\"auto, (max-width: 1920px) 100vw, 1920px\" \/><\/div><\/div><\/div><\/div><\/div><\/div><\/div><\/section><section class=\"l-section wpb_row height_medium\"><div class=\"l-section-h i-cf\"><div class=\"g-cols vc_row via_flex valign_middle type_default stacking_default\"><div class=\"vc_col-sm-6 wpb_column vc_column_container\"><div class=\"vc_column-inner\"><div class=\"wpb_wrapper\"><div class=\"w-image has_ratio align_none\"><div class=\"w-image-h\"><div style=\"padding-bottom:75%\"><\/div><img decoding=\"async\" width=\"1280\" height=\"1920\" src=\"https:\/\/piccola-jofrette.ch\/wp-content\/uploads\/2023\/11\/pj-nachhaltigkeit-home.jpg\" class=\"attachment-full size-full\" alt=\"\" loading=\"lazy\" \/><\/div><\/div><\/div><\/div><\/div><div class=\"vc_col-sm-6 wpb_column vc_column_container\"><div class=\"vc_column-inner\"><div class=\"wpb_wrapper\"><div class=\"w-vwrapper us_custom_8fe2673b align_none valign_top\"><div class=\"wpb_text_column us_custom_432d3f53\"><div class=\"wpb_wrapper\"><h2>Le d\u00e9veloppement durable<\/h2>\n<p>Les montres de Piccola &amp; Jofrette et leurs composants sont d\u00e9velopp\u00e9s et produits en Suisse dans un rayon de 70 km autour de Biel-Bienne.<\/p>\n<\/div><\/div><div class=\"w-btn-wrapper align_none\"><a class=\"w-btn us-btn-style_1\" href=\"https:\/\/piccola-jofrette.ch\/ueber-uns\/#nachhaltigkeit\"><span class=\"w-btn-label\">Durabilit\u00e9<\/span><\/a><\/div><\/div><\/div><\/div><\/div><\/div><\/div><\/section><section class=\"l-section wpb_row height_medium width_full\"><div class=\"l-section-h i-cf\"><div class=\"g-cols vc_row via_flex valign_top type_boxes stacking_default\"><div class=\"vc_col-sm-12 wpb_column vc_column_container\"><div class=\"vc_column-inner\"><div class=\"wpb_wrapper\">[vc_raw_html]PHNjcmlwdCBzcmM9Imh0dHBzOi8vc3RhdGljLmVsZnNpZ2h0LmNvbS9wbGF0Zm9ybS9wbGF0Zm9ybS5qcyIgZGF0YS11c2Utc2VydmljZS1jb3JlPSIiIGRlZmVyPjwvc2NyaXB0Pgo8ZGl2IGNsYXNzPSJlbGZzaWdodC1hcHAtZjJiYWUxOWQtYjkyOS00ODUwLWI3MDYtNjAxYTM1NDE1NmEzIiBkYXRhLWVsZnNpZ2h0LWFwcC1sYXp5PSIiPjwvZGl2Pg==[\/vc_raw_html]<\/div><\/div><\/div><\/div><\/div><\/section>\n","protected":false},"excerpt":{"rendered":"Coffret Mati\u00e8re Acier inoxydable Finition Bross\u00e9 et poli Forme Ronde Diam\u00e8tre 39mm Hauteur 9.6mm Largeur de l&rsquo;\u0153illet 20mm Glace Saphir, traitement antireflet R\u00e9sistance \u00e0 l&rsquo;eau 10 ATM Fabrication et Outillage Suisse Cadran et aiguilles Cadran Acier inoxydable poli Couleur Coquille d&rsquo;\u0153uf Index \/ Chiffres Index, chiffres arabes \u00e0 1\/2, 4\/5, 7\/8, 10\/11 Aiguille des heures\/minutes...","protected":false},"author":1,"featured_media":0,"parent":0,"menu_order":0,"comment_status":"closed","ping_status":"closed","template":"","meta":{"footnotes":""},"class_list":["post-816","page","type-page","status-publish","hentry"],"_links":{"self":[{"href":"https:\/\/piccola-jofrette.ch\/fr\/wp-json\/wp\/v2\/pages\/816","targetHints":{"allow":["GET"]}}],"collection":[{"href":"https:\/\/piccola-jofrette.ch\/fr\/wp-json\/wp\/v2\/pages"}],"about":[{"href":"https:\/\/piccola-jofrette.ch\/fr\/wp-json\/wp\/v2\/types\/page"}],"author":[{"embeddable":true,"href":"https:\/\/piccola-jofrette.ch\/fr\/wp-json\/wp\/v2\/users\/1"}],"replies":[{"embeddable":true,"href":"https:\/\/piccola-jofrette.ch\/fr\/wp-json\/wp\/v2\/comments?post=816"}],"version-history":[{"count":7,"href":"https:\/\/piccola-jofrette.ch\/fr\/wp-json\/wp\/v2\/pages\/816\/revisions"}],"predecessor-version":[{"id":1223,"href":"https:\/\/piccola-jofrette.ch\/fr\/wp-json\/wp\/v2\/pages\/816\/revisions\/1223"}],"wp:attachment":[{"href":"https:\/\/piccola-jofrette.ch\/fr\/wp-json\/wp\/v2\/media?parent=816"}],"curies":[{"name":"wp","href":"https:\/\/api.w.org\/{rel}","templated":true}]}}